{"id":9436,"date":"2021-04-14T23:55:16","date_gmt":"2021-04-14T23:55:16","guid":{"rendered":"https:\/\/humanityfromferrer.be\/?post_type=product&#038;p=9421"},"modified":"2021-11-15T12:21:53","modified_gmt":"2021-11-15T12:21:53","slug":"gourde-humanity","status":"publish","type":"product","link":"https:\/\/humanity.benito.website\/index.php\/product\/gourde-humanity\/","title":{"rendered":"Gourde Humanity"},"content":{"rendered":"<p>Ayez un impact sur le monde qui vous entoure ! L&#8217;eau est une ressource rare dans certaines r\u00e9gions du Niger. En effet, plusieurs populations n&#8217;ont pas acc\u00e8s \u00e0 l&#8217;eau potable. Le but de la construction du puits est que ces populations aient un acc\u00e8s durable \u00e0 l\u2019eau. Cela permettra d\u2019am\u00e9liorer leur niveau de vie. De plus, un acc\u00e8s facile \u00e0 l\u2019eau potable permettra d\u2019am\u00e9liorer la sant\u00e9 des habitants, les maladies li\u00e9es \u00e0 l\u2019eau impure seront moindres. Les femmes de ces r\u00e9gions doivent parcourir plus de 6km, soit 1h30 par jour, afin d\u2019amener de l\u2019eau potable \u00e0 leur entourage. Par cons\u00e9quent, l\u2019acc\u00e8s facilit\u00e9 \u00e0 l\u2019eau permettra un gain de temps qui pourra \u00eatre utilis\u00e9, par exemple, dans l\u2019\u00e9ducation, en y facilitant son acc\u00e8s.<\/p>\n<p>En achetant une gourde, vous participerez \u00e0 la construction d&#8217;un puits au Niger et vous permettrez \u00e0 la population locale d&#8217;avoir un meilleur niveau de vie.<\/p>\n","protected":false},"excerpt":{"rendered":"<p>\u26a0\ufe0f LES GOURDES SERONT LIVREES A VOTRE ADRESSE AU COURANT DU MOIS DE JUIN\u26a0\ufe0f<\/p>\n<p>En achetant une gourde, vous participerez \u00e0 la construction d&#8217;un puits au Niger et vous permettrez \u00e0 la population locale d&#8217;avoir un meilleur niveau de vie.<\/p>\n","protected":false},"featured_media":9468,"comment_status":"closed","ping_status":"closed","template":"","meta":{"spay_email":""},"product_cat":[57],"product_tag":[],"class_list":["post-9436","product","type-product","status-publish","has-post-thumbnail","hentry","product_cat-non-classe"],"_links":{"self":[{"href":"https:\/\/humanity.benito.website\/index.php\/wp-json\/wp\/v2\/product\/9436","targetHints":{"allow":["GET"]}}],"collection":[{"href":"https:\/\/humanity.benito.website\/index.php\/wp-json\/wp\/v2\/product"}],"about":[{"href":"https:\/\/humanity.benito.website\/index.php\/wp-json\/wp\/v2\/types\/product"}],"replies":[{"embeddable":true,"href":"https:\/\/humanity.benito.website\/index.php\/wp-json\/wp\/v2\/comments?post=9436"}],"wp:featuredmedia":[{"embeddable":true,"href":"https:\/\/humanity.benito.website\/index.php\/wp-json\/wp\/v2\/media\/9468"}],"wp:attachment":[{"href":"https:\/\/humanity.benito.website\/index.php\/wp-json\/wp\/v2\/media?parent=9436"}],"wp:term":[{"taxonomy":"product_cat","embeddable":true,"href":"https:\/\/humanity.benito.website\/index.php\/wp-json\/wp\/v2\/product_cat?post=9436"},{"taxonomy":"product_tag","embeddable":true,"href":"https:\/\/humanity.benito.website\/index.php\/wp-json\/wp\/v2\/product_tag?post=9436"}],"curies":[{"name":"wp","href":"https:\/\/api.w.org\/{rel}","templated":true}]}}